{"id":2862,"date":"2010-10-15T15:16:48","date_gmt":"2010-10-15T14:16:48","guid":{"rendered":"http:\/\/sajec.de\/blog"},"modified":"2012-10-12T17:21:35","modified_gmt":"2012-10-12T15:21:35","slug":"followfridays-fur-twitter","status":"publish","type":"page","link":"https:\/\/sajec.de\/blog\/followfridays-fur-twitter\/","title":{"rendered":"Twitter #FF\u2019s"},"content":{"rendered":"<p>Follow Friday on Twitter Oct. 12th 2012<\/p>\n<p><a href=\"http:\/\/sajec.de\/blog\/wp-content\/uploads\/2010\/10\/12102012.jpg\"><img loading=\"lazy\" decoding=\"async\" class=\"alignnone size-full wp-image-7600\" title=\"12102012\" src=\"http:\/\/sajec.de\/blog\/wp-content\/uploads\/2010\/10\/12102012.jpg\" alt=\"\" width=\"1134\" height=\"756\" srcset=\"https:\/\/sajec.de\/blog\/wp-content\/uploads\/2010\/10\/12102012.jpg 1134w, https:\/\/sajec.de\/blog\/wp-content\/uploads\/2010\/10\/12102012-300x200.jpg 300w, https:\/\/sajec.de\/blog\/wp-content\/uploads\/2010\/10\/12102012-1024x682.jpg 1024w, https:\/\/sajec.de\/blog\/wp-content\/uploads\/2010\/10\/12102012-150x100.jpg 150w, https:\/\/sajec.de\/blog\/wp-content\/uploads\/2010\/10\/12102012-400x266.jpg 400w\" sizes=\"auto, (max-width: 1134px) 100vw, 1134px\" \/><\/a><br \/>\n<!--nextpage--><img decoding=\"async\" title=\"N\u00e4chste Seite \u2026\" src=\"http:\/\/sajec.de\/blog\/wp-includes\/js\/tinymce\/plugins\/wordpress\/img\/trans.gif\" alt=\"\" \/>Letzter Versuch:Letzter Versuch:<br \/>\n[youtube width=&#8220;425&#8243; height=&#8220;344&#8243;]http:\/\/www.youtube.com\/watch?v=0DssT2qf-jc[\/youtube]<\/p>\n<p><!--nextpage-->(Please, wait a little moment, it is a gif and I hope it works)<\/p>\n<p><a href=\"http:\/\/sajec.de\/blog\/wp-content\/uploads\/2010\/10\/ff10062011.gif\"><img loading=\"lazy\" decoding=\"async\" class=\"alignnone size-full wp-image-4333\" title=\"ff10062011\" src=\"http:\/\/sajec.de\/blog\/wp-content\/uploads\/2010\/10\/ff10062011.gif\" alt=\"\" width=\"1024\" height=\"768\" srcset=\"https:\/\/sajec.de\/blog\/wp-content\/uploads\/2010\/10\/ff10062011.gif 1024w, https:\/\/sajec.de\/blog\/wp-content\/uploads\/2010\/10\/ff10062011-300x225.gif 300w, https:\/\/sajec.de\/blog\/wp-content\/uploads\/2010\/10\/ff10062011-150x112.gif 150w, https:\/\/sajec.de\/blog\/wp-content\/uploads\/2010\/10\/ff10062011-400x300.gif 400w\" sizes=\"auto, (max-width: 1024px) 100vw, 1024px\" \/><\/a><\/p>\n<p><!--nextpage--><\/p>\n<p><a href=\"http:\/\/sajec.de\/blog\/wp-content\/uploads\/2010\/10\/FF11032011.jpg\"><img loading=\"lazy\" decoding=\"async\" class=\"alignnone size-full wp-image-3921\" title=\"FF11032011\" src=\"http:\/\/sajec.de\/blog\/wp-content\/uploads\/2010\/10\/FF11032011.jpg\" alt=\"\" width=\"1417\" height=\"944\" srcset=\"https:\/\/sajec.de\/blog\/wp-content\/uploads\/2010\/10\/FF11032011.jpg 1417w, https:\/\/sajec.de\/blog\/wp-content\/uploads\/2010\/10\/FF11032011-300x199.jpg 300w, https:\/\/sajec.de\/blog\/wp-content\/uploads\/2010\/10\/FF11032011-1024x682.jpg 1024w, https:\/\/sajec.de\/blog\/wp-content\/uploads\/2010\/10\/FF11032011-150x99.jpg 150w, https:\/\/sajec.de\/blog\/wp-content\/uploads\/2010\/10\/FF11032011-400x266.jpg 400w\" sizes=\"auto, (max-width: 1417px) 100vw, 1417px\" \/><\/a><\/p>\n<p><!--nextpage-->Es funktioniert nat\u00fcrlich nicht! Ich bin zu bl\u00f6d. Seit 8 Stunden bastel ich jetzt schon an meinem #FollowFriday-Bild f\u00fcr heute. Es ist alles fertig &#8211; bestimmte Sterne (die ihr suchen solltet) sind verlinkt, und das funktionierte auch. Insgesamt sind auf dem Bild 6 Links platziert. Nur bekomme ich die gespeicherte Version des html-Bildes inklusive der Links nicht auf die WordPress-Seite geschubst. Bin gerade am Verzweifeln und komme mir total dumm vor. Der Kopf tut weh und es ist wohl besser, wenn ich jetzt erst mal das Handtuch werfe. Vielleicht hat jemand ja einen Rat und kann mir sagen, wie das Einbinden von HTML-Dateien hier funktioniertl<\/p>\n<p><span style=\"color: #800000;\">Nachtrag 08.01.2011: <\/span><\/p>\n<p><span style=\"color: #800000;\">Dank Knuffel &#8211; der sich wirklich die Nacht um die Ohren geschlagen hat, um dann den &#8222;Denk&#8220;Fehler im Gestr\u00fcppkarnickel-Gehirn zu finden &#8211;\u00a0 klappts jetzt doch irgendwie. Wenn ihr also auf das Bild klickt, sollte sich eine neue Seite \u00f6ffnen, auf der ihr dann die klickbaren Sterne suchen k\u00f6nnt.<br \/>\n<\/span><\/p>\n<p><a href=\"http:\/\/www.sajec.de\/07012011.html\" target=\"_blank\"><img loading=\"lazy\" decoding=\"async\" class=\"alignnone size-full wp-image-3365\" title=\"FF07012011\" src=\"http:\/\/sajec.de\/blog\/wp-content\/uploads\/2010\/10\/FF07012011.jpg\" alt=\"\" width=\"1440\" height=\"800\" srcset=\"https:\/\/sajec.de\/blog\/wp-content\/uploads\/2010\/10\/FF07012011.jpg 1440w, https:\/\/sajec.de\/blog\/wp-content\/uploads\/2010\/10\/FF07012011-300x166.jpg 300w, https:\/\/sajec.de\/blog\/wp-content\/uploads\/2010\/10\/FF07012011-1024x568.jpg 1024w, https:\/\/sajec.de\/blog\/wp-content\/uploads\/2010\/10\/FF07012011-150x83.jpg 150w, https:\/\/sajec.de\/blog\/wp-content\/uploads\/2010\/10\/FF07012011-400x222.jpg 400w\" sizes=\"auto, (max-width: 1440px) 100vw, 1440px\" \/><\/a><\/p>\n<p><a href=\"http:\/\/sajec.de\/blog\/wp-content\/uploads\/2010\/10\/Ginotta.jpg\"><!--nextpage--><img loading=\"lazy\" decoding=\"async\" class=\"size-full wp-image-3351 alignleft\" title=\"Ginotta\" src=\"http:\/\/sajec.de\/blog\/wp-content\/uploads\/2010\/10\/Ginotta.jpg\" alt=\"\" width=\"709\" height=\"340\" srcset=\"https:\/\/sajec.de\/blog\/wp-content\/uploads\/2010\/10\/Ginotta.jpg 709w, https:\/\/sajec.de\/blog\/wp-content\/uploads\/2010\/10\/Ginotta-300x143.jpg 300w, https:\/\/sajec.de\/blog\/wp-content\/uploads\/2010\/10\/Ginotta-150x71.jpg 150w, https:\/\/sajec.de\/blog\/wp-content\/uploads\/2010\/10\/Ginotta-400x191.jpg 400w\" sizes=\"auto, (max-width: 709px) 100vw, 709px\" \/><\/a><\/p>\n<p><!--nextpage--><a href=\"http:\/\/sajec.de\/blog\/wp-content\/uploads\/2010\/10\/JMacLean.jpg\"><img loading=\"lazy\" decoding=\"async\" class=\"size-full wp-image-3350 alignleft\" title=\"JMacLean\" src=\"http:\/\/sajec.de\/blog\/wp-content\/uploads\/2010\/10\/JMacLean.jpg\" alt=\"\" width=\"709\" height=\"340\" srcset=\"https:\/\/sajec.de\/blog\/wp-content\/uploads\/2010\/10\/JMacLean.jpg 709w, https:\/\/sajec.de\/blog\/wp-content\/uploads\/2010\/10\/JMacLean-300x143.jpg 300w, https:\/\/sajec.de\/blog\/wp-content\/uploads\/2010\/10\/JMacLean-150x71.jpg 150w, https:\/\/sajec.de\/blog\/wp-content\/uploads\/2010\/10\/JMacLean-400x191.jpg 400w\" sizes=\"auto, (max-width: 709px) 100vw, 709px\" \/><\/a><\/p>\n<p><!--nextpage--><\/p>\n<p><a href=\"http:\/\/sajec.de\/blog\/wp-content\/uploads\/2010\/10\/terrestriker.jpg\"><img loading=\"lazy\" decoding=\"async\" class=\"size-full wp-image-3346 alignleft\" title=\"terrestriker\" src=\"http:\/\/sajec.de\/blog\/wp-content\/uploads\/2010\/10\/terrestriker.jpg\" alt=\"\" width=\"709\" height=\"340\" srcset=\"https:\/\/sajec.de\/blog\/wp-content\/uploads\/2010\/10\/terrestriker.jpg 709w, https:\/\/sajec.de\/blog\/wp-content\/uploads\/2010\/10\/terrestriker-300x143.jpg 300w, https:\/\/sajec.de\/blog\/wp-content\/uploads\/2010\/10\/terrestriker-150x71.jpg 150w, https:\/\/sajec.de\/blog\/wp-content\/uploads\/2010\/10\/terrestriker-400x191.jpg 400w\" sizes=\"auto, (max-width: 709px) 100vw, 709px\" \/><\/a><!--nextpage--><a href=\"http:\/\/sajec.de\/blog\/wp-content\/uploads\/2010\/10\/MelA.jpg\"><img loading=\"lazy\" decoding=\"async\" class=\"size-full wp-image-3349 alignleft\" title=\"MelA\" src=\"http:\/\/sajec.de\/blog\/wp-content\/uploads\/2010\/10\/MelA.jpg\" alt=\"\" width=\"709\" height=\"340\" srcset=\"https:\/\/sajec.de\/blog\/wp-content\/uploads\/2010\/10\/MelA.jpg 709w, https:\/\/sajec.de\/blog\/wp-content\/uploads\/2010\/10\/MelA-300x143.jpg 300w, https:\/\/sajec.de\/blog\/wp-content\/uploads\/2010\/10\/MelA-150x71.jpg 150w, https:\/\/sajec.de\/blog\/wp-content\/uploads\/2010\/10\/MelA-400x191.jpg 400w\" sizes=\"auto, (max-width: 709px) 100vw, 709px\" \/><\/a><!--nextpage--><a href=\"http:\/\/sajec.de\/blog\/wp-content\/uploads\/2010\/10\/nonspn.jpg\"><img loading=\"lazy\" decoding=\"async\" class=\"size-full wp-image-3348 alignnone\" title=\"nonspn\" src=\"http:\/\/sajec.de\/blog\/wp-content\/uploads\/2010\/10\/nonspn.jpg\" alt=\"\" width=\"1440\" height=\"900\" srcset=\"https:\/\/sajec.de\/blog\/wp-content\/uploads\/2010\/10\/nonspn.jpg 1440w, https:\/\/sajec.de\/blog\/wp-content\/uploads\/2010\/10\/nonspn-300x187.jpg 300w, https:\/\/sajec.de\/blog\/wp-content\/uploads\/2010\/10\/nonspn-1024x640.jpg 1024w, https:\/\/sajec.de\/blog\/wp-content\/uploads\/2010\/10\/nonspn-150x93.jpg 150w, https:\/\/sajec.de\/blog\/wp-content\/uploads\/2010\/10\/nonspn-400x250.jpg 400w\" sizes=\"auto, (max-width: 1440px) 100vw, 1440px\" \/><!--nextpage--><\/a><a href=\"http:\/\/sajec.de\/blog\/wp-content\/uploads\/2010\/10\/SPNalle.jpg\"><img loading=\"lazy\" decoding=\"async\" class=\"size-full wp-image-3347 alignnone\" title=\"SPNalle\" src=\"http:\/\/sajec.de\/blog\/wp-content\/uploads\/2010\/10\/SPNalle.jpg\" alt=\"\" width=\"1440\" height=\"900\" srcset=\"https:\/\/sajec.de\/blog\/wp-content\/uploads\/2010\/10\/SPNalle.jpg 1440w, https:\/\/sajec.de\/blog\/wp-content\/uploads\/2010\/10\/SPNalle-300x187.jpg 300w, https:\/\/sajec.de\/blog\/wp-content\/uploads\/2010\/10\/SPNalle-1024x640.jpg 1024w, https:\/\/sajec.de\/blog\/wp-content\/uploads\/2010\/10\/SPNalle-150x93.jpg 150w, https:\/\/sajec.de\/blog\/wp-content\/uploads\/2010\/10\/SPNalle-400x250.jpg 400w\" sizes=\"auto, (max-width: 1440px) 100vw, 1440px\" \/><\/a><\/p>\n<p>&nbsp;<\/p>\n<p><!--nextpage-->Danke f\u00fcr ein lustiges und spannendes #superantural-2010 on Twitter:<\/p>\n<p><a href=\"http:\/\/sajec.de\/blog\/wp-content\/uploads\/2010\/10\/302.jpg\"><img loading=\"lazy\" decoding=\"async\" class=\"alignnone size-full wp-image-3249\" title=\"302\" src=\"http:\/\/sajec.de\/blog\/wp-content\/uploads\/2010\/10\/302.jpg\" alt=\"\" width=\"985\" height=\"558\" srcset=\"https:\/\/sajec.de\/blog\/wp-content\/uploads\/2010\/10\/302.jpg 985w, https:\/\/sajec.de\/blog\/wp-content\/uploads\/2010\/10\/302-300x169.jpg 300w, https:\/\/sajec.de\/blog\/wp-content\/uploads\/2010\/10\/302-150x84.jpg 150w, https:\/\/sajec.de\/blog\/wp-content\/uploads\/2010\/10\/302-400x226.jpg 400w\" sizes=\"auto, (max-width: 985px) 100vw, 985px\" \/><\/a><\/p>\n<p><!--nextpage-->My #FollowFriday picture for all those awesome tweeps in my timeline.<\/p>\n<p><a href=\"http:\/\/sajec.de\/blog\/wp-content\/uploads\/2010\/10\/26112010.jpg\"><img loading=\"lazy\" decoding=\"async\" class=\"alignnone size-full wp-image-3091\" title=\"26112010\" src=\"http:\/\/sajec.de\/blog\/wp-content\/uploads\/2010\/10\/26112010.jpg\" alt=\"\" width=\"528\" height=\"1022\" srcset=\"https:\/\/sajec.de\/blog\/wp-content\/uploads\/2010\/10\/26112010.jpg 528w, https:\/\/sajec.de\/blog\/wp-content\/uploads\/2010\/10\/26112010-77x150.jpg 77w, https:\/\/sajec.de\/blog\/wp-content\/uploads\/2010\/10\/26112010-400x774.jpg 400w\" sizes=\"auto, (max-width: 528px) 100vw, 528px\" \/><\/a><\/p>\n<p><!--nextpage-->Das hier ist f\u00fcr meinen 33.333sten Tweet als werkarniggel on Twitter.<\/p>\n<p><a href=\"http:\/\/sajec.de\/blog\/wp-content\/uploads\/2010\/10\/dedicatekomplett.jpg\"><img loading=\"lazy\" decoding=\"async\" class=\"alignnone size-full wp-image-3071\" title=\"dedicatekomplett\" src=\"http:\/\/sajec.de\/blog\/wp-content\/uploads\/2010\/10\/dedicatekomplett.jpg\" alt=\"\" width=\"628\" height=\"1575\" srcset=\"https:\/\/sajec.de\/blog\/wp-content\/uploads\/2010\/10\/dedicatekomplett.jpg 628w, https:\/\/sajec.de\/blog\/wp-content\/uploads\/2010\/10\/dedicatekomplett-408x1024.jpg 408w, https:\/\/sajec.de\/blog\/wp-content\/uploads\/2010\/10\/dedicatekomplett-400x1003.jpg 400w\" sizes=\"auto, (max-width: 628px) 100vw, 628px\" \/><\/a><\/p>\n<p><!--nextpage-->Follow Friday (animated Gif &#8211; please wait a little while)<\/p>\n<p><a href=\"http:\/\/sajec.de\/blog\/wp-content\/uploads\/2010\/10\/05112010.gif\"><img loading=\"lazy\" decoding=\"async\" class=\"alignnone size-full wp-image-3011\" title=\"05112010\" src=\"http:\/\/sajec.de\/blog\/wp-content\/uploads\/2010\/10\/05112010.gif\" alt=\"\" width=\"713\" height=\"390\" srcset=\"https:\/\/sajec.de\/blog\/wp-content\/uploads\/2010\/10\/05112010.gif 713w, https:\/\/sajec.de\/blog\/wp-content\/uploads\/2010\/10\/05112010-300x164.gif 300w, https:\/\/sajec.de\/blog\/wp-content\/uploads\/2010\/10\/05112010-150x82.gif 150w, https:\/\/sajec.de\/blog\/wp-content\/uploads\/2010\/10\/05112010-400x218.gif 400w\" sizes=\"auto, (max-width: 713px) 100vw, 713px\" \/><\/a><\/p>\n<p>For older FF&#8217;s click next page.<\/p>\n<p><!--nextpage--><a href=\"http:\/\/sajec.de\/blog\/wp-content\/uploads\/2010\/10\/FF24102010.gif\"><img loading=\"lazy\" decoding=\"async\" class=\"alignnone size-full wp-image-2988\" title=\"FF24102010\" src=\"http:\/\/sajec.de\/blog\/wp-content\/uploads\/2010\/10\/FF24102010.gif\" alt=\"\" width=\"1134\" height=\"756\" srcset=\"https:\/\/sajec.de\/blog\/wp-content\/uploads\/2010\/10\/FF24102010.gif 1134w, https:\/\/sajec.de\/blog\/wp-content\/uploads\/2010\/10\/FF24102010-300x200.gif 300w, https:\/\/sajec.de\/blog\/wp-content\/uploads\/2010\/10\/FF24102010-1024x682.gif 1024w, https:\/\/sajec.de\/blog\/wp-content\/uploads\/2010\/10\/FF24102010-150x100.gif 150w, https:\/\/sajec.de\/blog\/wp-content\/uploads\/2010\/10\/FF24102010-400x266.gif 400w\" sizes=\"auto, (max-width: 1134px) 100vw, 1134px\" \/><\/a><\/p>\n<p>for more Follow Friday pictures click next pages<\/p>\n<p><!--nextpage--><\/p>\n<p><a href=\"http:\/\/sajec.de\/blog\/wp-content\/uploads\/2010\/10\/15102010.jpg\"><img loading=\"lazy\" decoding=\"async\" class=\"alignnone size-full wp-image-2874\" title=\"15102010\" src=\"http:\/\/sajec.de\/blog\/wp-content\/uploads\/2010\/10\/15102010.jpg\" alt=\"\" width=\"910\" height=\"553\" srcset=\"https:\/\/sajec.de\/blog\/wp-content\/uploads\/2010\/10\/15102010.jpg 910w, https:\/\/sajec.de\/blog\/wp-content\/uploads\/2010\/10\/15102010-300x182.jpg 300w, https:\/\/sajec.de\/blog\/wp-content\/uploads\/2010\/10\/15102010-150x91.jpg 150w, https:\/\/sajec.de\/blog\/wp-content\/uploads\/2010\/10\/15102010-400x243.jpg 400w\" sizes=\"auto, (max-width: 910px) 100vw, 910px\" \/><\/a><\/p>\n<p><a href=\"..\/wp-content\/uploads\/2010\/10\/9Juli2010.jpg\"><img loading=\"lazy\" decoding=\"async\" class=\"alignnone size-full wp-image-2876\" title=\"9Juli2010\" src=\"..\/wp-content\/uploads\/2010\/10\/9Juli2010.jpg\" alt=\"\" width=\"864\" height=\"850\" srcset=\"https:\/\/sajec.de\/blog\/wp-content\/uploads\/2010\/10\/9Juli2010.jpg 1440w, https:\/\/sajec.de\/blog\/wp-content\/uploads\/2010\/10\/9Juli2010-300x295.jpg 300w, https:\/\/sajec.de\/blog\/wp-content\/uploads\/2010\/10\/9Juli2010-1024x1007.jpg 1024w, https:\/\/sajec.de\/blog\/wp-content\/uploads\/2010\/10\/9Juli2010-150x147.jpg 150w, https:\/\/sajec.de\/blog\/wp-content\/uploads\/2010\/10\/9Juli2010-400x393.jpg 400w\" sizes=\"auto, (max-width: 864px) 100vw, 864px\" \/><\/a><\/p>\n<p><a href=\"http:\/\/sajec.de\/blog\/wp-content\/uploads\/2010\/10\/19Maerz2010-Kopie.jpg\"><img loading=\"lazy\" decoding=\"async\" class=\"alignnone size-full wp-image-2875\" title=\"19Maerz2010 Kopie\" src=\"http:\/\/sajec.de\/blog\/wp-content\/uploads\/2010\/10\/19Maerz2010-Kopie.jpg\" alt=\"\" width=\"1134\" height=\"1055\" srcset=\"https:\/\/sajec.de\/blog\/wp-content\/uploads\/2010\/10\/19Maerz2010-Kopie.jpg 1134w, https:\/\/sajec.de\/blog\/wp-content\/uploads\/2010\/10\/19Maerz2010-Kopie-300x279.jpg 300w, https:\/\/sajec.de\/blog\/wp-content\/uploads\/2010\/10\/19Maerz2010-Kopie-1024x952.jpg 1024w, https:\/\/sajec.de\/blog\/wp-content\/uploads\/2010\/10\/19Maerz2010-Kopie-150x139.jpg 150w, https:\/\/sajec.de\/blog\/wp-content\/uploads\/2010\/10\/19Maerz2010-Kopie-400x372.jpg 400w\" sizes=\"auto, (max-width: 1134px) 100vw, 1134px\" \/><\/a><\/p>\n<p><a href=\"http:\/\/sajec.de\/blog\/wp-content\/uploads\/2010\/10\/230420102.gif\"><img loading=\"lazy\" decoding=\"async\" class=\"alignnone size-full wp-image-2873\" title=\"230420102\" src=\"http:\/\/sajec.de\/blog\/wp-content\/uploads\/2010\/10\/230420102.gif\" alt=\"\" width=\"656\" height=\"390\" srcset=\"https:\/\/sajec.de\/blog\/wp-content\/uploads\/2010\/10\/230420102.gif 656w, https:\/\/sajec.de\/blog\/wp-content\/uploads\/2010\/10\/230420102-300x178.gif 300w, https:\/\/sajec.de\/blog\/wp-content\/uploads\/2010\/10\/230420102-150x89.gif 150w, https:\/\/sajec.de\/blog\/wp-content\/uploads\/2010\/10\/230420102-400x237.gif 400w\" sizes=\"auto, (max-width: 656px) 100vw, 656px\" \/><\/a><\/p>\n<p><a href=\"http:\/\/sajec.de\/blog\/wp-content\/uploads\/2010\/10\/dean-davour.jpg\"><img loading=\"lazy\" decoding=\"async\" class=\"alignnone size-full wp-image-2872\" title=\"dean-davour\" src=\"http:\/\/sajec.de\/blog\/wp-content\/uploads\/2010\/10\/dean-davour.jpg\" alt=\"\" width=\"640\" height=\"368\" srcset=\"https:\/\/sajec.de\/blog\/wp-content\/uploads\/2010\/10\/dean-davour.jpg 640w, https:\/\/sajec.de\/blog\/wp-content\/uploads\/2010\/10\/dean-davour-300x172.jpg 300w, https:\/\/sajec.de\/blog\/wp-content\/uploads\/2010\/10\/dean-davour-150x86.jpg 150w, https:\/\/sajec.de\/blog\/wp-content\/uploads\/2010\/10\/dean-davour-400x230.jpg 400w\" sizes=\"auto, (max-width: 640px) 100vw, 640px\" \/><\/a><\/p>\n<p><a href=\"http:\/\/sajec.de\/blog\/wp-content\/uploads\/2010\/10\/deanundhundundrose.jpg\"><img loading=\"lazy\" decoding=\"async\" class=\"alignnone size-full wp-image-2871\" title=\"deanundhundundrose\" src=\"http:\/\/sajec.de\/blog\/wp-content\/uploads\/2010\/10\/deanundhundundrose.jpg\" alt=\"\" width=\"760\" height=\"427\" srcset=\"https:\/\/sajec.de\/blog\/wp-content\/uploads\/2010\/10\/deanundhundundrose.jpg 760w, https:\/\/sajec.de\/blog\/wp-content\/uploads\/2010\/10\/deanundhundundrose-300x168.jpg 300w, https:\/\/sajec.de\/blog\/wp-content\/uploads\/2010\/10\/deanundhundundrose-150x84.jpg 150w, https:\/\/sajec.de\/blog\/wp-content\/uploads\/2010\/10\/deanundhundundrose-400x224.jpg 400w\" sizes=\"auto, (max-width: 760px) 100vw, 760px\" \/><\/a><\/p>\n<p><a href=\"http:\/\/sajec.de\/blog\/wp-content\/uploads\/2010\/10\/FF04062010.jpg\"><img loading=\"lazy\" decoding=\"async\" class=\"alignnone size-full wp-image-2869\" title=\"FF04062010\" src=\"http:\/\/sajec.de\/blog\/wp-content\/uploads\/2010\/10\/FF04062010.jpg\" alt=\"\" width=\"1134\" height=\"503\" srcset=\"https:\/\/sajec.de\/blog\/wp-content\/uploads\/2010\/10\/FF04062010.jpg 1134w, https:\/\/sajec.de\/blog\/wp-content\/uploads\/2010\/10\/FF04062010-300x133.jpg 300w, https:\/\/sajec.de\/blog\/wp-content\/uploads\/2010\/10\/FF04062010-1024x454.jpg 1024w, https:\/\/sajec.de\/blog\/wp-content\/uploads\/2010\/10\/FF04062010-150x66.jpg 150w, https:\/\/sajec.de\/blog\/wp-content\/uploads\/2010\/10\/FF04062010-400x177.jpg 400w\" sizes=\"auto, (max-width: 1134px) 100vw, 1134px\" \/><\/a><\/p>\n<p><a href=\"http:\/\/sajec.de\/blog\/wp-content\/uploads\/2010\/10\/FFnonSPN04062010.jpg\"><img loading=\"lazy\" decoding=\"async\" class=\"alignnone size-full wp-image-2868\" title=\"FFnonSPN04062010\" src=\"http:\/\/sajec.de\/blog\/wp-content\/uploads\/2010\/10\/FFnonSPN04062010.jpg\" alt=\"\" width=\"1134\" height=\"755\" srcset=\"https:\/\/sajec.de\/blog\/wp-content\/uploads\/2010\/10\/FFnonSPN04062010.jpg 1134w, https:\/\/sajec.de\/blog\/wp-content\/uploads\/2010\/10\/FFnonSPN04062010-300x199.jpg 300w, https:\/\/sajec.de\/blog\/wp-content\/uploads\/2010\/10\/FFnonSPN04062010-1024x681.jpg 1024w, https:\/\/sajec.de\/blog\/wp-content\/uploads\/2010\/10\/FFnonSPN04062010-150x99.jpg 150w, https:\/\/sajec.de\/blog\/wp-content\/uploads\/2010\/10\/FFnonSPN04062010-400x266.jpg 400w\" sizes=\"auto, (max-width: 1134px) 100vw, 1134px\" \/><\/a><\/p>\n<p><a href=\"http:\/\/sajec.de\/blog\/wp-content\/uploads\/2010\/10\/hund.jpg\"><img loading=\"lazy\" decoding=\"async\" class=\"alignnone size-full wp-image-2867\" title=\"hund\" src=\"http:\/\/sajec.de\/blog\/wp-content\/uploads\/2010\/10\/hund.jpg\" alt=\"\" width=\"615\" height=\"613\" srcset=\"https:\/\/sajec.de\/blog\/wp-content\/uploads\/2010\/10\/hund.jpg 615w, https:\/\/sajec.de\/blog\/wp-content\/uploads\/2010\/10\/hund-150x150.jpg 150w, https:\/\/sajec.de\/blog\/wp-content\/uploads\/2010\/10\/hund-300x300.jpg 300w, https:\/\/sajec.de\/blog\/wp-content\/uploads\/2010\/10\/hund-400x398.jpg 400w\" sizes=\"auto, (max-width: 615px) 100vw, 615px\" \/><\/a><\/p>\n<p><a href=\"http:\/\/sajec.de\/blog\/wp-content\/uploads\/2010\/10\/nonSPN17032010.jpg\"><img loading=\"lazy\" decoding=\"async\" class=\"alignnone size-full wp-image-2865\" title=\"nonSPN17032010\" src=\"http:\/\/sajec.de\/blog\/wp-content\/uploads\/2010\/10\/nonSPN17032010.jpg\" alt=\"\" width=\"995\" height=\"714\" srcset=\"https:\/\/sajec.de\/blog\/wp-content\/uploads\/2010\/10\/nonSPN17032010.jpg 1658w, https:\/\/sajec.de\/blog\/wp-content\/uploads\/2010\/10\/nonSPN17032010-300x215.jpg 300w, https:\/\/sajec.de\/blog\/wp-content\/uploads\/2010\/10\/nonSPN17032010-1024x734.jpg 1024w, https:\/\/sajec.de\/blog\/wp-content\/uploads\/2010\/10\/nonSPN17032010-150x107.jpg 150w, https:\/\/sajec.de\/blog\/wp-content\/uploads\/2010\/10\/nonSPN17032010-400x287.jpg 400w\" sizes=\"auto, (max-width: 995px) 100vw, 995px\" \/><\/a><\/p>\n<p><a href=\"http:\/\/sajec.de\/blog\/wp-content\/uploads\/2010\/10\/nordsee.jpg\"><img loading=\"lazy\" decoding=\"async\" class=\"alignnone size-full wp-image-2864\" title=\"nordsee\" src=\"http:\/\/sajec.de\/blog\/wp-content\/uploads\/2010\/10\/nordsee.jpg\" alt=\"\" width=\"640\" height=\"427\" srcset=\"https:\/\/sajec.de\/blog\/wp-content\/uploads\/2010\/10\/nordsee.jpg 640w, https:\/\/sajec.de\/blog\/wp-content\/uploads\/2010\/10\/nordsee-300x200.jpg 300w, https:\/\/sajec.de\/blog\/wp-content\/uploads\/2010\/10\/nordsee-150x100.jpg 150w, https:\/\/sajec.de\/blog\/wp-content\/uploads\/2010\/10\/nordsee-400x266.jpg 400w\" sizes=\"auto, (max-width: 640px) 100vw, 640px\" \/><\/a><\/p>\n<p><a href=\"http:\/\/sajec.de\/blog\/wp-content\/uploads\/2010\/10\/Youarenotalone.jpg\"><img loading=\"lazy\" decoding=\"async\" class=\"alignnone size-full wp-image-2863\" title=\"Youarenotalone\" src=\"http:\/\/sajec.de\/blog\/wp-content\/uploads\/2010\/10\/Youarenotalone.jpg\" alt=\"\" width=\"1403\" height=\"1134\" srcset=\"https:\/\/sajec.de\/blog\/wp-content\/uploads\/2010\/10\/Youarenotalone.jpg 1403w, https:\/\/sajec.de\/blog\/wp-content\/uploads\/2010\/10\/Youarenotalone-300x242.jpg 300w, https:\/\/sajec.de\/blog\/wp-content\/uploads\/2010\/10\/Youarenotalone-1024x827.jpg 1024w, https:\/\/sajec.de\/blog\/wp-content\/uploads\/2010\/10\/Youarenotalone-150x121.jpg 150w, https:\/\/sajec.de\/blog\/wp-content\/uploads\/2010\/10\/Youarenotalone-400x323.jpg 400w\" sizes=\"auto, (max-width: 1403px) 100vw, 1403px\" \/><\/a><\/p>\n<div><\/div>\n","protected":false},"excerpt":{"rendered":"<p>Follow Friday on Twitter Oct. 12th 2012<\/p>\n","protected":false},"author":2,"featured_media":0,"parent":0,"menu_order":0,"comment_status":"open","ping_status":"closed","template":"","meta":{"ngg_post_thumbnail":0,"footnotes":""},"class_list":["post-2862","page","type-page","status-publish","hentry"],"_links":{"self":[{"href":"https:\/\/sajec.de\/blog\/wp-json\/wp\/v2\/pages\/2862","targetHints":{"allow":["GET"]}}],"collection":[{"href":"https:\/\/sajec.de\/blog\/wp-json\/wp\/v2\/pages"}],"about":[{"href":"https:\/\/sajec.de\/blog\/wp-json\/wp\/v2\/types\/page"}],"author":[{"embeddable":true,"href":"https:\/\/sajec.de\/blog\/wp-json\/wp\/v2\/users\/2"}],"replies":[{"embeddable":true,"href":"https:\/\/sajec.de\/blog\/wp-json\/wp\/v2\/comments?post=2862"}],"version-history":[{"count":56,"href":"https:\/\/sajec.de\/blog\/wp-json\/wp\/v2\/pages\/2862\/revisions"}],"predecessor-version":[{"id":7601,"href":"https:\/\/sajec.de\/blog\/wp-json\/wp\/v2\/pages\/2862\/revisions\/7601"}],"wp:attachment":[{"href":"https:\/\/sajec.de\/blog\/wp-json\/wp\/v2\/media?parent=2862"}],"curies":[{"name":"wp","href":"https:\/\/api.w.org\/{rel}","templated":true}]}}