{"id":534,"date":"2010-05-02T16:00:26","date_gmt":"2010-05-02T15:00:26","guid":{"rendered":"http:\/\/sajec.de\/blog\/?page_id=534"},"modified":"2011-06-11T09:35:19","modified_gmt":"2011-06-11T08:35:19","slug":"spaziergang","status":"publish","type":"page","link":"https:\/\/sajec.de\/blog\/spaziergang\/","title":{"rendered":"Spaziergang"},"content":{"rendered":"<p>Ich hatte versprochen, euch mit auf meinen ersten Fr\u00fchlingsspaziergang zu nehmen. Also &#8230; nehmt euch ein paar Minuten Zeit und begleitet mich, wenn ihr wollt. Der Weg f\u00fchrt \u00fcber verschlungene Pfade an meinen Lieblingsplatz &#8211; ein Seenpark in meiner neu erw\u00e4hlten Heimatstadt. Die Luft war warm, fast ein bisschen schwer, und feucht, \u00fcberall strahlte bereits Gr\u00fcn und das Zwitschern der V\u00f6gel m\u00fcsst ihr euch einfach vorstellen &#8230;<\/p>\n<p><a href=\"http:\/\/sajec.de\/blog\/wp-content\/uploads\/2010\/05\/Spaziergang01052010-0221.jpg\"><img loading=\"lazy\" decoding=\"async\" class=\"size-full wp-image-538 alignnone\" title=\"Spaziergang01052010 022\" src=\"http:\/\/sajec.de\/blog\/wp-content\/uploads\/2010\/05\/Spaziergang01052010-0221.jpg\" alt=\"\" width=\"617\" height=\"926\" srcset=\"https:\/\/sajec.de\/blog\/wp-content\/uploads\/2010\/05\/Spaziergang01052010-0221.jpg 1028w, https:\/\/sajec.de\/blog\/wp-content\/uploads\/2010\/05\/Spaziergang01052010-0221-199x300.jpg 199w\" sizes=\"auto, (max-width: 617px) 100vw, 617px\" \/><\/a><\/p>\n<p><a title=\"KLICK\" href=\"http:\/\/sajec.de\/blog\/spaziergang\/hinterdererstenweggabelung\">KLICK <\/a><\/p>\n","protected":false},"excerpt":{"rendered":"<p>Ich hatte versprochen, euch mit auf meinen ersten Fr\u00fchlingsspaziergang zu nehmen. Also &#8230; nehmt euch ein paar Minuten Zeit und begleitet mich, wenn ihr wollt. Der Weg f\u00fchrt \u00fcber verschlungene Pfade an meinen Lieblingsplatz &#8211; ein Seenpark in meiner neu &hellip; <a href=\"https:\/\/sajec.de\/blog\/spaziergang\/\">Weiterlesen <span class=\"meta-nav\">&rarr;<\/span><\/a><\/p>\n","protected":false},"author":2,"featured_media":0,"parent":0,"menu_order":0,"comment_status":"open","ping_status":"open","template":"","meta":{"ngg_post_thumbnail":0,"footnotes":""},"class_list":["post-534","page","type-page","status-publish","hentry"],"_links":{"self":[{"href":"https:\/\/sajec.de\/blog\/wp-json\/wp\/v2\/pages\/534","targetHints":{"allow":["GET"]}}],"collection":[{"href":"https:\/\/sajec.de\/blog\/wp-json\/wp\/v2\/pages"}],"about":[{"href":"https:\/\/sajec.de\/blog\/wp-json\/wp\/v2\/types\/page"}],"author":[{"embeddable":true,"href":"https:\/\/sajec.de\/blog\/wp-json\/wp\/v2\/users\/2"}],"replies":[{"embeddable":true,"href":"https:\/\/sajec.de\/blog\/wp-json\/wp\/v2\/comments?post=534"}],"version-history":[{"count":16,"href":"https:\/\/sajec.de\/blog\/wp-json\/wp\/v2\/pages\/534\/revisions"}],"predecessor-version":[{"id":4338,"href":"https:\/\/sajec.de\/blog\/wp-json\/wp\/v2\/pages\/534\/revisions\/4338"}],"wp:attachment":[{"href":"https:\/\/sajec.de\/blog\/wp-json\/wp\/v2\/media?parent=534"}],"curies":[{"name":"wp","href":"https:\/\/api.w.org\/{rel}","templated":true}]}}